{"id":2396,"date":"2022-11-15T12:11:37","date_gmt":"2022-11-15T11:11:37","guid":{"rendered":"https:\/\/neu.carathotels.com\/duesseldorf-city\/offers-in-duesseldorf\/hotel-office\/"},"modified":"2023-06-15T10:42:58","modified_gmt":"2023-06-15T08:42:58","slug":"hoteloffice","status":"publish","type":"page","link":"https:\/\/test.carathotels.com\/en\/duesseldorf-city\/offers\/hoteloffice\/","title":{"rendered":"Hotel office"},"content":{"rendered":"<div id='av_section_1'  class='avia-section av-6cqm8l-3f5c54e049f5d0ec0ab16f27c4fd4e52 main_color avia-section-default avia-no-border-styling  avia-builder-el-0  el_before_av_section  avia-builder-el-first  lead avia-bg-style-scroll container_wrap fullsize'  ><div class='container av-section-cont-open' ><main  role=\"main\" itemprop=\"mainContentOfPage\"  class='template-page content  av-content-full alpha units'><div class='post-entry post-entry-type-page post-entry-2396'><div class='entry-content-wrapper clearfix'>\n\n<style type=\"text\/css\" data-created_by=\"avia_inline_auto\" id=\"style-css-av-68uttx-5f97d7f1e58bc035396c3ae1982df00d\">\n.flex_column.av-68uttx-5f97d7f1e58bc035396c3ae1982df00d{\nborder-radius:0px 0px 0px 0px;\npadding:0px 0px 0px 0px;\n}\n<\/style>\n<div  class='flex_column av-68uttx-5f97d7f1e58bc035396c3ae1982df00d av_one_full  avia-builder-el-1  avia-builder-el-no-sibling  first flex_column_div av-zero-column-padding  '     ><section  class='av_textblock_section av-l8ygd00j-e4fff817889b53923c11c4a746da109f '   itemscope=\"itemscope\" itemtype=\"https:\/\/schema.org\/CreativeWork\" ><div class='avia_textblock breadcrumbs'  itemprop=\"text\" ><div class=\"breadcrumb breadcrumbs avia-breadcrumbs\"><div class=\"breadcrumb-trail\" ><span class=\"trail-before\"><span class=\"breadcrumb-title\">You are here:<\/span><\/span> <span  itemscope=\"itemscope\" itemtype=\"https:\/\/schema.org\/BreadcrumbList\" ><span  itemscope=\"itemscope\" itemtype=\"https:\/\/schema.org\/ListItem\" itemprop=\"itemListElement\" ><a itemprop=\"url\" href=\"https:\/\/test.carathotels.com\/en\/\" title=\"carathotels\" rel=\"home\" class=\"trail-begin\"><span itemprop=\"name\">Home<\/span><\/a><span itemprop=\"position\" class=\"hidden\">1<\/span><\/span><\/span><\/div><\/div>\n<\/div><\/section><\/div>\n\n<\/div><\/div><\/main><!-- close content main element --><\/div><\/div><div id='av_section_2'  class='avia-section av-l9sa53lb-d43c93d9b558701bac17decee1e39d2f main_color avia-section-default avia-no-border-styling  avia-builder-el-3  el_after_av_section  avia-builder-el-last  rooms avia-bg-style-scroll container_wrap fullsize'  ><div class='container av-section-cont-open' ><div class='template-page content  av-content-full alpha units'><div class='post-entry post-entry-type-page post-entry-2396'><div class='entry-content-wrapper clearfix'>\n<div class='flex_column_table av-47ekkg-2355709315afb225bb56fe04361cab57 sc-av_two_fifth av-break-at-tablet-flextable av-equal-height-column-flextable'><div  class='flex_column av-47ekkg-2355709315afb225bb56fe04361cab57 av_two_fifth  avia-builder-el-4  el_before_av_three_fifth  avia-builder-el-first  first av-break-at-tablet flex_column_table_cell av-equal-height-column av-align-top  '     ><style type=\"text\/css\" data-created_by=\"avia_inline_auto\" id=\"style-css-av-l9sa137m-ab2f7850254c36d363607c9ff52df6c5\">\n#top .avia-gallery.av-l9sa137m-ab2f7850254c36d363607c9ff52df6c5 .avia-gallery-thumb a{\nwidth:20%;\n}\n<\/style>\n<div  class='avia-gallery av-l9sa137m-ab2f7850254c36d363607c9ff52df6c5 avia_animate_when_visible  avia-builder-el-5  avia-builder-el-no-sibling  animations_off av-slideshow-ui av-loop-manual-endless av-control-hidden av-navigate-arrows av-navigate-dots hover-effect av-control-hidden avia-gallery-1'  itemprop=\"image\" itemscope=\"itemscope\" itemtype=\"https:\/\/schema.org\/ImageObject\" ><meta itemprop=\"contentURL\" content=\"https:\/\/test.carathotels.com\/en\/duesseldorf-city\/offers\/hoteloffice\/\"><a class='avia-gallery-big fakeLightbox lightbox avia-gallery-big-crop-thumb ' href=\"https:\/\/test.carathotels.com\/wp-content\/uploads\/2022\/10\/070_DSC6178-1623x1080.jpg\" data-srcset=\"https:\/\/test.carathotels.com\/wp-content\/uploads\/2022\/10\/070_DSC6178-1623x1080.jpg 1623w, https:\/\/test.carathotels.com\/wp-content\/uploads\/2022\/10\/070_DSC6178-1024x682.jpg 1024w, https:\/\/test.carathotels.com\/wp-content\/uploads\/2022\/10\/070_DSC6178-768x511.jpg 768w, https:\/\/test.carathotels.com\/wp-content\/uploads\/2022\/10\/070_DSC6178-1536x1022.jpg 1536w, https:\/\/test.carathotels.com\/wp-content\/uploads\/2022\/10\/070_DSC6178-2048x1363.jpg 2048w, https:\/\/test.carathotels.com\/wp-content\/uploads\/2022\/10\/070_DSC6178-1920x1278.jpg 1920w, https:\/\/test.carathotels.com\/wp-content\/uploads\/2022\/10\/070_DSC6178-705x469.jpg 705w\" data-sizes=\"(max-width: 1500px) 100vw, 1500px\"  data-onclick='1' title='070_DSC6178' ><span class='avia-gallery-big-inner'  itemprop=\"thumbnailUrl\" ><img decoding=\"async\" fetchpriority=\"high\" class=\"wp-image-1579 avia-img-lazy-loading-not-1579\"  width=\"495\" height=\"400\" src=\"https:\/\/test.carathotels.com\/wp-content\/uploads\/2022\/10\/070_DSC6178-495x400.jpg\" title='070_DSC6178' alt='' srcset=\"https:\/\/test.carathotels.com\/wp-content\/uploads\/2022\/10\/070_DSC6178-495x400.jpg 495w, https:\/\/test.carathotels.com\/wp-content\/uploads\/2022\/10\/070_DSC6178-845x684.jpg 845w\" sizes=\"(max-width: 495px) 100vw, 495px\" \/><\/span><\/a><div class='avia-gallery-thumb'><a href=\"https:\/\/test.carathotels.com\/wp-content\/uploads\/2022\/10\/070_DSC6178-1623x1080.jpg\" data-srcset=\"https:\/\/test.carathotels.com\/wp-content\/uploads\/2022\/10\/070_DSC6178-1623x1080.jpg 1623w, https:\/\/test.carathotels.com\/wp-content\/uploads\/2022\/10\/070_DSC6178-1024x682.jpg 1024w, https:\/\/test.carathotels.com\/wp-content\/uploads\/2022\/10\/070_DSC6178-768x511.jpg 768w, https:\/\/test.carathotels.com\/wp-content\/uploads\/2022\/10\/070_DSC6178-1536x1022.jpg 1536w, https:\/\/test.carathotels.com\/wp-content\/uploads\/2022\/10\/070_DSC6178-2048x1363.jpg 2048w, https:\/\/test.carathotels.com\/wp-content\/uploads\/2022\/10\/070_DSC6178-1920x1278.jpg 1920w, https:\/\/test.carathotels.com\/wp-content\/uploads\/2022\/10\/070_DSC6178-705x469.jpg 705w\" data-sizes=\"(max-width: 1500px) 100vw, 1500px\" data-rel='gallery-1' data-prev-img='https:\/\/test.carathotels.com\/wp-content\/uploads\/2022\/10\/070_DSC6178-495x400.jpg' class='first_thumb lightbox ' data-onclick='1' title='070_DSC6178'  itemprop=\"thumbnailUrl\"  ><img decoding=\"async\" fetchpriority=\"high\" class=\"wp-image-1579 avia-img-lazy-loading-not-1579\"   src=\"https:\/\/test.carathotels.com\/wp-content\/uploads\/2022\/10\/070_DSC6178-495x400.jpg\" width=\"495\" height=\"400\"  title='070_DSC6178' alt='' srcset=\"https:\/\/test.carathotels.com\/wp-content\/uploads\/2022\/10\/070_DSC6178-495x400.jpg 495w, https:\/\/test.carathotels.com\/wp-content\/uploads\/2022\/10\/070_DSC6178-845x684.jpg 845w\" sizes=\"(max-width: 495px) 100vw, 495px\" \/><div class='big-prev-fake'><img decoding=\"async\" loading=\"lazy\" class=\"wp-image-1579 avia-img-lazy-loading-1579\"  width=\"495\" height=\"400\" src=\"https:\/\/test.carathotels.com\/wp-content\/uploads\/2022\/10\/070_DSC6178-495x400.jpg\" title='070_DSC6178' alt='' srcset=\"https:\/\/test.carathotels.com\/wp-content\/uploads\/2022\/10\/070_DSC6178-495x400.jpg 495w, https:\/\/test.carathotels.com\/wp-content\/uploads\/2022\/10\/070_DSC6178-845x684.jpg 845w\" sizes=\"auto, (max-width: 495px) 100vw, 495px\" \/><\/div><\/a><a href=\"https:\/\/test.carathotels.com\/wp-content\/uploads\/2022\/10\/DSC5265-1623x1080.jpg\" data-srcset=\"https:\/\/test.carathotels.com\/wp-content\/uploads\/2022\/10\/DSC5265-1623x1080.jpg 1623w, https:\/\/test.carathotels.com\/wp-content\/uploads\/2022\/10\/DSC5265-1024x682.jpg 1024w, https:\/\/test.carathotels.com\/wp-content\/uploads\/2022\/10\/DSC5265-768x511.jpg 768w, https:\/\/test.carathotels.com\/wp-content\/uploads\/2022\/10\/DSC5265-1536x1022.jpg 1536w, https:\/\/test.carathotels.com\/wp-content\/uploads\/2022\/10\/DSC5265-2048x1363.jpg 2048w, https:\/\/test.carathotels.com\/wp-content\/uploads\/2022\/10\/DSC5265-1920x1278.jpg 1920w, https:\/\/test.carathotels.com\/wp-content\/uploads\/2022\/10\/DSC5265-705x469.jpg 705w\" data-sizes=\"(max-width: 1500px) 100vw, 1500px\" data-rel='gallery-1' data-prev-img='https:\/\/test.carathotels.com\/wp-content\/uploads\/2022\/10\/DSC5265-495x400.jpg' class='lightbox ' data-onclick='2' title='_DSC5265'  itemprop=\"thumbnailUrl\"  ><img decoding=\"async\" fetchpriority=\"high\" class=\"wp-image-1560 avia-img-lazy-loading-not-1560\"   src=\"https:\/\/test.carathotels.com\/wp-content\/uploads\/2022\/10\/DSC5265-495x400.jpg\" width=\"495\" height=\"400\"  title='_DSC5265' alt='Doppelzimmer Hotel D\u00fcsseldorf City' srcset=\"https:\/\/test.carathotels.com\/wp-content\/uploads\/2022\/10\/DSC5265-495x400.jpg 495w, https:\/\/test.carathotels.com\/wp-content\/uploads\/2022\/10\/DSC5265-845x684.jpg 845w\" sizes=\"(max-width: 495px) 100vw, 495px\" \/><div class='big-prev-fake'><img decoding=\"async\" loading=\"lazy\" class=\"wp-image-1560 avia-img-lazy-loading-1560\"  width=\"495\" height=\"400\" src=\"https:\/\/test.carathotels.com\/wp-content\/uploads\/2022\/10\/DSC5265-495x400.jpg\" title='_DSC5265' alt='Doppelzimmer Hotel D\u00fcsseldorf City' srcset=\"https:\/\/test.carathotels.com\/wp-content\/uploads\/2022\/10\/DSC5265-495x400.jpg 495w, https:\/\/test.carathotels.com\/wp-content\/uploads\/2022\/10\/DSC5265-845x684.jpg 845w\" sizes=\"auto, (max-width: 495px) 100vw, 495px\" \/><\/div><\/a><a href=\"https:\/\/test.carathotels.com\/wp-content\/uploads\/2022\/10\/DSC5090-1623x1080.jpg\" data-srcset=\"https:\/\/test.carathotels.com\/wp-content\/uploads\/2022\/10\/DSC5090-1623x1080.jpg 1623w, https:\/\/test.carathotels.com\/wp-content\/uploads\/2022\/10\/DSC5090-1024x682.jpg 1024w, https:\/\/test.carathotels.com\/wp-content\/uploads\/2022\/10\/DSC5090-768x511.jpg 768w, https:\/\/test.carathotels.com\/wp-content\/uploads\/2022\/10\/DSC5090-1536x1022.jpg 1536w, https:\/\/test.carathotels.com\/wp-content\/uploads\/2022\/10\/DSC5090-2048x1363.jpg 2048w, https:\/\/test.carathotels.com\/wp-content\/uploads\/2022\/10\/DSC5090-1920x1278.jpg 1920w, https:\/\/test.carathotels.com\/wp-content\/uploads\/2022\/10\/DSC5090-705x469.jpg 705w\" data-sizes=\"(max-width: 1500px) 100vw, 1500px\" data-rel='gallery-1' data-prev-img='https:\/\/test.carathotels.com\/wp-content\/uploads\/2022\/10\/DSC5090-495x400.jpg' class='lightbox ' data-onclick='3' title='_DSC5090'  itemprop=\"thumbnailUrl\"  ><img decoding=\"async\" fetchpriority=\"high\" class=\"wp-image-1540 avia-img-lazy-loading-not-1540\"   src=\"https:\/\/test.carathotels.com\/wp-content\/uploads\/2022\/10\/DSC5090-495x400.jpg\" width=\"495\" height=\"400\"  title='_DSC5090' alt='Hotel D\u00fcsseldorf City Doppelzimmer mit Fr\u00fchst\u00fcck' srcset=\"https:\/\/test.carathotels.com\/wp-content\/uploads\/2022\/10\/DSC5090-495x400.jpg 495w, https:\/\/test.carathotels.com\/wp-content\/uploads\/2022\/10\/DSC5090-845x684.jpg 845w\" sizes=\"(max-width: 495px) 100vw, 495px\" \/><div class='big-prev-fake'><img decoding=\"async\" loading=\"lazy\" class=\"wp-image-1540 avia-img-lazy-loading-1540\"  width=\"495\" height=\"400\" src=\"https:\/\/test.carathotels.com\/wp-content\/uploads\/2022\/10\/DSC5090-495x400.jpg\" title='_DSC5090' alt='Hotel D\u00fcsseldorf City Doppelzimmer mit Fr\u00fchst\u00fcck' srcset=\"https:\/\/test.carathotels.com\/wp-content\/uploads\/2022\/10\/DSC5090-495x400.jpg 495w, https:\/\/test.carathotels.com\/wp-content\/uploads\/2022\/10\/DSC5090-845x684.jpg 845w\" sizes=\"auto, (max-width: 495px) 100vw, 495px\" \/><\/div><\/a><a href=\"https:\/\/test.carathotels.com\/wp-content\/uploads\/2022\/10\/016_DSC9237-1620x1080.jpg\" data-srcset=\"https:\/\/test.carathotels.com\/wp-content\/uploads\/2022\/10\/016_DSC9237-1620x1080.jpg 1620w, https:\/\/test.carathotels.com\/wp-content\/uploads\/2022\/10\/016_DSC9237-1024x683.jpg 1024w, https:\/\/test.carathotels.com\/wp-content\/uploads\/2022\/10\/016_DSC9237-768x512.jpg 768w, https:\/\/test.carathotels.com\/wp-content\/uploads\/2022\/10\/016_DSC9237-1536x1024.jpg 1536w, https:\/\/test.carathotels.com\/wp-content\/uploads\/2022\/10\/016_DSC9237-2048x1365.jpg 2048w, https:\/\/test.carathotels.com\/wp-content\/uploads\/2022\/10\/016_DSC9237-1920x1280.jpg 1920w, https:\/\/test.carathotels.com\/wp-content\/uploads\/2022\/10\/016_DSC9237-705x470.jpg 705w\" data-sizes=\"(max-width: 1500px) 100vw, 1500px\" data-rel='gallery-1' data-prev-img='https:\/\/test.carathotels.com\/wp-content\/uploads\/2022\/10\/016_DSC9237-495x400.jpg' class='lightbox ' data-onclick='4' title='016_DSC9237'  itemprop=\"thumbnailUrl\"  ><img decoding=\"async\" fetchpriority=\"high\" class=\"wp-image-1573 avia-img-lazy-loading-not-1573\"   src=\"https:\/\/test.carathotels.com\/wp-content\/uploads\/2022\/10\/016_DSC9237-495x400.jpg\" width=\"495\" height=\"400\"  title='016_DSC9237' alt='' srcset=\"https:\/\/test.carathotels.com\/wp-content\/uploads\/2022\/10\/016_DSC9237-495x400.jpg 495w, https:\/\/test.carathotels.com\/wp-content\/uploads\/2022\/10\/016_DSC9237-845x684.jpg 845w\" sizes=\"(max-width: 495px) 100vw, 495px\" \/><div class='big-prev-fake'><img decoding=\"async\" loading=\"lazy\" class=\"wp-image-1573 avia-img-lazy-loading-1573\"  width=\"495\" height=\"400\" src=\"https:\/\/test.carathotels.com\/wp-content\/uploads\/2022\/10\/016_DSC9237-495x400.jpg\" title='016_DSC9237' alt='' srcset=\"https:\/\/test.carathotels.com\/wp-content\/uploads\/2022\/10\/016_DSC9237-495x400.jpg 495w, https:\/\/test.carathotels.com\/wp-content\/uploads\/2022\/10\/016_DSC9237-845x684.jpg 845w\" sizes=\"auto, (max-width: 495px) 100vw, 495px\" \/><\/div><\/a><a href=\"https:\/\/test.carathotels.com\/wp-content\/uploads\/2022\/10\/DSC5328-1623x1080.jpg\" data-srcset=\"https:\/\/test.carathotels.com\/wp-content\/uploads\/2022\/10\/DSC5328-1623x1080.jpg 1623w, https:\/\/test.carathotels.com\/wp-content\/uploads\/2022\/10\/DSC5328-1024x682.jpg 1024w, https:\/\/test.carathotels.com\/wp-content\/uploads\/2022\/10\/DSC5328-768x511.jpg 768w, https:\/\/test.carathotels.com\/wp-content\/uploads\/2022\/10\/DSC5328-1536x1022.jpg 1536w, https:\/\/test.carathotels.com\/wp-content\/uploads\/2022\/10\/DSC5328-2048x1363.jpg 2048w, https:\/\/test.carathotels.com\/wp-content\/uploads\/2022\/10\/DSC5328-1920x1278.jpg 1920w, https:\/\/test.carathotels.com\/wp-content\/uploads\/2022\/10\/DSC5328-705x469.jpg 705w\" data-sizes=\"(max-width: 1500px) 100vw, 1500px\" data-rel='gallery-1' data-prev-img='https:\/\/test.carathotels.com\/wp-content\/uploads\/2022\/10\/DSC5328-495x400.jpg' class='lightbox ' data-onclick='5' title='_DSC5328'  itemprop=\"thumbnailUrl\"  ><img decoding=\"async\" fetchpriority=\"high\" class=\"wp-image-1558 avia-img-lazy-loading-not-1558\"   src=\"https:\/\/test.carathotels.com\/wp-content\/uploads\/2022\/10\/DSC5328-495x400.jpg\" width=\"495\" height=\"400\"  title='_DSC5328' alt='Hotel am Hauptbahnhof D\u00fcsseldorf Bad mit Wanne' srcset=\"https:\/\/test.carathotels.com\/wp-content\/uploads\/2022\/10\/DSC5328-495x400.jpg 495w, https:\/\/test.carathotels.com\/wp-content\/uploads\/2022\/10\/DSC5328-845x684.jpg 845w\" sizes=\"(max-width: 495px) 100vw, 495px\" \/><div class='big-prev-fake'><img decoding=\"async\" loading=\"lazy\" class=\"wp-image-1558 avia-img-lazy-loading-1558\"  width=\"495\" height=\"400\" src=\"https:\/\/test.carathotels.com\/wp-content\/uploads\/2022\/10\/DSC5328-495x400.jpg\" title='_DSC5328' alt='Hotel am Hauptbahnhof D\u00fcsseldorf Bad mit Wanne' srcset=\"https:\/\/test.carathotels.com\/wp-content\/uploads\/2022\/10\/DSC5328-495x400.jpg 495w, https:\/\/test.carathotels.com\/wp-content\/uploads\/2022\/10\/DSC5328-845x684.jpg 845w\" sizes=\"auto, (max-width: 495px) 100vw, 495px\" \/><\/div><\/a><\/div><\/div><\/div><div class='av-flex-placeholder'><\/div><div  class='flex_column av-2vigo0-9b0466982c0c3cda9c6be9b7d56c52f9 av_three_fifth  avia-builder-el-6  el_after_av_two_fifth  avia-builder-el-last  av-break-at-tablet flex_column_table_cell av-equal-height-column av-align-top  '     ><section  class='av_textblock_section av-l9s9qulg-953db3dd353876e36a3b8b64776fbb49 '   itemscope=\"itemscope\" itemtype=\"https:\/\/schema.org\/CreativeWork\" ><div class='avia_textblock'  itemprop=\"text\" ><h2>Hotel office<\/h2>\n<p><strong>Make the hotel room your individual office<\/strong><\/p>\n<p>Services:<\/p>\n<ul>\n<li>Large desk with plenty of natural light<\/li>\n<li>View of the green courtyard or the city<\/li>\n<li>High-Speed Wifi<\/li>\n<li>Capsule coffee maker with free capsules<\/li>\n<li>A bottle of water<\/li>\n<li>Snack vending machine (fee required)<\/li>\n<\/ul>\n<p><strong>69,- \u20ac per day only<\/strong>(Mo-Fr, 10am &#8211; 6pm) !<\/p>\n<\/div><\/section><br \/>\n<div  class='avia-button-wrap av-l9s9rhre-a68a82f058fa0a5b3855f1968752efc5-wrap avia-button-left  avia-builder-el-8  el_after_av_textblock  avia-builder-el-last '><a href='&#x6d;&#x61;&#x69;&#108;&#116;o:&#x64;&#x75;&#x65;&#115;&#115;el&#x64;&#x6f;&#x72;&#102;&#45;ci&#x74;&#x79;&#x40;&#99;&#97;ra&#x74;&#x68;&#x6f;&#116;&#101;ls&#x2e;&#x64;&#x65;' class='avia-button av-l9s9rhre-a68a82f058fa0a5b3855f1968752efc5 av-link-btn avia-icon_select-no avia-size-small avia-position-left avia-color-theme-color' target=\"_blank\" rel=\"noopener noreferrer\" aria-label=\"Request now\"><span class='avia_iconbox_title' >Request now<\/span><\/a><\/div><\/p><\/div><\/div><!--close column table wrapper. Autoclose: 1 -->\n","protected":false},"excerpt":{"rendered":"","protected":false},"author":8,"featured_media":0,"parent":2390,"menu_order":0,"comment_status":"closed","ping_status":"closed","template":"","meta":{"inline_featured_image":false,"footnotes":""},"class_list":["post-2396","page","type-page","status-publish","hentry"],"yoast_head":"<!-- This site is optimized with the Yoast SEO plugin v27.4 - https:\/\/yoast.com\/product\/yoast-seo-wordpress\/ -->\n<title>carathotel D\u00fcsseldorf | Hotel office<\/title>\n<meta name=\"description\" content=\"Turn the hotel room into a single office for only 69,- \u20ac per day incl. Coffee. Hotel office in the business hotel in the middle of D\u00fcsseldorf.\" \/>\n<meta name=\"robots\" content=\"noindex, follow, max-snippet:-1, max-image-preview:large, max-video-preview:-1\" \/>\n<meta property=\"og:locale\" content=\"en_US\" \/>\n<meta property=\"og:type\" content=\"article\" \/>\n<meta property=\"og:title\" content=\"carathotel D\u00fcsseldorf | Hotel office\" \/>\n<meta property=\"og:description\" content=\"Turn the hotel room into a single office for only 69,- \u20ac per day incl. Coffee. Hotel office in the business hotel in the middle of D\u00fcsseldorf.\" \/>\n<meta property=\"og:url\" content=\"https:\/\/test.carathotels.com\/en\/duesseldorf-city\/offers\/hoteloffice\/\" \/>\n<meta property=\"og:site_name\" content=\"carathotels\" \/>\n<meta property=\"article:modified_time\" content=\"2023-06-15T08:42:58+00:00\" \/>\n<meta name=\"twitter:card\" content=\"summary_large_image\" \/>\n<meta name=\"twitter:label1\" content=\"Est. reading time\" \/>\n\t<meta name=\"twitter:data1\" content=\"10 minutes\" \/>\n<!-- \/ Yoast SEO plugin. -->","yoast_head_json":{"title":"carathotel D\u00fcsseldorf | Hotel office","description":"Turn the hotel room into a single office for only 69,- \u20ac per day incl. Coffee. Hotel office in the business hotel in the middle of D\u00fcsseldorf.","robots":{"index":"noindex","follow":"follow","max-snippet":"max-snippet:-1","max-image-preview":"max-image-preview:large","max-video-preview":"max-video-preview:-1"},"og_locale":"en_US","og_type":"article","og_title":"carathotel D\u00fcsseldorf | Hotel office","og_description":"Turn the hotel room into a single office for only 69,- \u20ac per day incl. Coffee. Hotel office in the business hotel in the middle of D\u00fcsseldorf.","og_url":"https:\/\/test.carathotels.com\/en\/duesseldorf-city\/offers\/hoteloffice\/","og_site_name":"carathotels","article_modified_time":"2023-06-15T08:42:58+00:00","twitter_card":"summary_large_image","twitter_misc":{"Est. reading time":"10 minutes"},"schema":{"@context":"https:\/\/schema.org","@graph":[{"@type":"WebPage","@id":"https:\/\/test.carathotels.com\/en\/duesseldorf-city\/offers\/hoteloffice\/","url":"https:\/\/test.carathotels.com\/en\/duesseldorf-city\/offers\/hoteloffice\/","name":"carathotel D\u00fcsseldorf | Hotel office","isPartOf":{"@id":"https:\/\/test.carathotels.com\/en\/#website"},"datePublished":"2022-11-15T11:11:37+00:00","dateModified":"2023-06-15T08:42:58+00:00","description":"Turn the hotel room into a single office for only 69,- \u20ac per day incl. Coffee. Hotel office in the business hotel in the middle of D\u00fcsseldorf.","breadcrumb":{"@id":"https:\/\/test.carathotels.com\/en\/duesseldorf-city\/offers\/hoteloffice\/#breadcrumb"},"inLanguage":"en-US","potentialAction":[{"@type":"ReadAction","target":["https:\/\/test.carathotels.com\/en\/duesseldorf-city\/offers\/hoteloffice\/"]}]},{"@type":"BreadcrumbList","@id":"https:\/\/test.carathotels.com\/en\/duesseldorf-city\/offers\/hoteloffice\/#breadcrumb","itemListElement":[{"@type":"ListItem","position":1,"name":"Startseite","item":"https:\/\/test.carathotels.com\/en\/hotels\/"},{"@type":"ListItem","position":2,"name":"D\u00fcsseldorf City","item":"https:\/\/test.carathotels.com\/en\/duesseldorf-city\/"},{"@type":"ListItem","position":3,"name":"offers in D\u00fcsseldorf","item":"https:\/\/test.carathotels.com\/en\/duesseldorf-city\/offers\/"},{"@type":"ListItem","position":4,"name":"Hotel office"}]},{"@type":"WebSite","@id":"https:\/\/test.carathotels.com\/en\/#website","url":"https:\/\/test.carathotels.com\/en\/","name":"carathotels","description":"","potentialAction":[{"@type":"SearchAction","target":{"@type":"EntryPoint","urlTemplate":"https:\/\/test.carathotels.com\/en\/?s={search_term_string}"},"query-input":{"@type":"PropertyValueSpecification","valueRequired":true,"valueName":"search_term_string"}}],"inLanguage":"en-US"}]}},"publishpress_future_action":{"enabled":false,"date":"2026-04-24 14:57:13","action":"change-status","newStatus":"draft","terms":[],"taxonomy":"translation_priority","extraData":[]},"publishpress_future_workflow_manual_trigger":{"enabledWorkflows":[]},"_links":{"self":[{"href":"https:\/\/test.carathotels.com\/en\/wp-json\/wp\/v2\/pages\/2396","targetHints":{"allow":["GET"]}}],"collection":[{"href":"https:\/\/test.carathotels.com\/en\/wp-json\/wp\/v2\/pages"}],"about":[{"href":"https:\/\/test.carathotels.com\/en\/wp-json\/wp\/v2\/types\/page"}],"author":[{"embeddable":true,"href":"https:\/\/test.carathotels.com\/en\/wp-json\/wp\/v2\/users\/8"}],"replies":[{"embeddable":true,"href":"https:\/\/test.carathotels.com\/en\/wp-json\/wp\/v2\/comments?post=2396"}],"version-history":[{"count":23,"href":"https:\/\/test.carathotels.com\/en\/wp-json\/wp\/v2\/pages\/2396\/revisions"}],"predecessor-version":[{"id":9586,"href":"https:\/\/test.carathotels.com\/en\/wp-json\/wp\/v2\/pages\/2396\/revisions\/9586"}],"up":[{"embeddable":true,"href":"https:\/\/test.carathotels.com\/en\/wp-json\/wp\/v2\/pages\/2390"}],"wp:attachment":[{"href":"https:\/\/test.carathotels.com\/en\/wp-json\/wp\/v2\/media?parent=2396"}],"curies":[{"name":"wp","href":"https:\/\/api.w.org\/{rel}","templated":true}]}}